{"id":1597,"date":"2019-12-21T05:39:33","date_gmt":"2019-12-21T05:39:33","guid":{"rendered":"https:\/\/loh.de\/faq-referendare\/"},"modified":"2022-07-07T12:21:27","modified_gmt":"2022-07-07T12:21:27","slug":"faq-referendare","status":"publish","type":"page","link":"https:\/\/loh.de\/en\/faq-referendare\/","title":{"rendered":"FAQ"},"content":{"rendered":"<p><span style=\"color: #b10e10;\">F\u00fcr welche Rechtsgebiete bietet sich eine Station bei LOH Rechtsanw\u00e4lte an?<\/span><\/p>\n<p>In groben Kategorien ausgedr\u00fcckt: F\u00fcr das Zivil- und das \u00f6ffentliche Recht.<\/p>\n<p>Die Kanzlei deckt ein breites Spektrum von Rechtsgebieten ab. Unsere Zivilrechtler sind auf das Arbeitsrecht spezialisiert, aber auch auf das Presse- und Medienrecht, den Gewerblichen Rechtsschutz und auf das Urheberrecht, dar\u00fcber hinaus auf das Gesellschaftsrecht, das zivile Immobilienrecht, insbesondere Bau- und Architektenrecht sowie auf das gewerbliche Mietrecht. Unsere \u00f6ffentlich-rechtlich ausgerichteten Rechtsanw\u00e4lte sind im Bau- und Fachplanungsrecht, Umweltrecht, Verfassungs-, Kommunal-, Vergabe- und Abgabenrecht t\u00e4tig.<\/p>\n<p><span style=\"color: #b10e10;\">Welche Mandanten betreut LOH Rechtsanw\u00e4lte?<\/span><\/p>\n<p>Zu unseren Mandanten geh\u00f6ren gro\u00dfe und mittelst\u00e4ndische Unternehmen und zahlreiche K\u00f6rperschaften des \u00f6ffentlichen Rechts (Universit\u00e4ten, Rundfunkanstalten, Planungsverb\u00e4nde, Landkreise und Kommunen).<\/p>\n<p><span style=\"color: #b10e10;\">Sind Referendare einem Dezernat zugeordnet oder arbeiten Sie f\u00fcr mehrere Anw\u00e4lte?<\/span><\/p>\n<p>Das liegt bei Ihnen. Grunds\u00e4tzlich ist beides m\u00f6glich. Es gibt Referendare, die sich bereits auf ein Gebiet spezialisiert haben und ihre Station gerade deshalb bei einem unserer Anw\u00e4lte absolvieren wollen. Diese Referendare erhalten Akten aus dem Spezialgebiet. Sie arbeiten in der Regel nur dem Anwalt zu, der auf das gew\u00fcnschte Gebiet spezialisiert ist.<\/p>\n<p>Andere Referendare suchen bei uns eine Ausbildung zum Anwalt auf hohem Niveau, haben sich aber noch nicht auf ein bestimmtes Gebiet spezialisiert oder sie sind neugierig auf andere Disziplinen. Sie bleiben organisatorisch der Referendar eines Anwalts. Aber sie arbeiten allen Kollegen zu und besprechen ihre Entw\u00fcrfe mit dem jeweils zust\u00e4ndigen Rechtsanwalt. Die Gr\u00f6\u00dfe von LOH Rechtsanw\u00e4lte ist geradezu ideal daf\u00fcr, dass Referendare die anwaltliche T\u00e4tigkeit in mehreren Rechtsgebieten kennen lernen, ohne den Kontakt zu \u201cihrem Ausbilder\u201d zu verlieren.<\/p>\n<p><span style=\"color: #b10e10;\">Wie werden Referendare betreut?<\/span><\/p>\n<p>Streng genommen haben unsere Referendare drei Ansprechpartner: Jeder Referendar ist einem Rechtsanwalt zugeordnet, der f\u00fcr seine Ausbildung hauptverantwortlich ist. Ihr Ausbilder k\u00fcmmert sich um Sie und steht Ihnen mit Rat und Tat zur Seite. Neben diesem Ausbilder steht Ihnen auch Frau Gudjons als Referendarbetreuende zur Verf\u00fcgung.<\/p>\n<p><span style=\"color: #b10e10;\">Werden die abgelieferten Arbeiten besprochen? Gibt es ein regelm\u00e4ssiges Feedback?<\/span><\/p>\n<p>Wir legen Wert darauf, Sie auszubilden. Jeder Entwurf wird mit dem Referendar durchgesprochen. Allerdings kann es sein, dass die Besprechung nicht sofort stattfindet, nachdem Sie den Entwurf fertig gestellt haben. Ein weiteres, \u201callgemeines Feedback\u201d geben wir Ihnen, wenn Sie den ersten Monat bei uns waren. Schlie\u00dflich besprechen wir die Station zum Ende. Wenn Sie zwischendurch eine R\u00fcckmeldung w\u00fcnschen, sind wir gerne zu einem Gespr\u00e4ch bereit.<\/p>\n<p><span style=\"color: #b10e10;\">Welche Aufgaben \u00fcbertr\u00e4gt LOH Rechtsanw\u00e4lte an Referendare?<\/span><\/p>\n<p>Grunds\u00e4tzlich alle juristischen T\u00e4tigkeiten, von Schrifts\u00e4tzen \u00fcber Gutachten bis hin zu Mandantenschreiben und Vertragsentw\u00fcrfen. Sie bearbeiten F\u00e4lle, gehen zu Gerichtsterminen (Amts-, Arbeits- und Verwaltungsgerichte) und k\u00f6nnen an Mandantenbesprechungen teilnehmen.<\/p>\n<p><span style=\"color: #b10e10;\">Gibt es eine Ausbildung neben der Arbeit \u201eam Fall\u201c?<\/span><\/p>\n<p>Wir bieten \u2013 je nach Belegung des Referendarbereichs \u2013 regelm\u00e4\u00dfig Referendarseminare in unserem Besprechungszimmer an. Ein Anwalt bespricht mit allen Referendaren entweder einen interessanten Fall seines Dezernats, einen aktuellen Fall aus der Rechtsprechung oder stellt ein interessantes Thema oder Rechtsgebiet mit Bezug zur anwaltlichen T\u00e4tigkeit oder examensrelevantem Stoff vor. So haben wir bereits Seminare zu den Themen Kanzleimarketing, Rechtsanwaltsverg\u00fctung, einstweiliger Rechtsschutz der ZPO, Mediation, Klassiker des Baurechts und zum Presserecht angeboten.<\/p>\n<p><span style=\"color: #b10e10;\">Gibt es einen Ausbildungsplan?<\/span><\/p>\n<p>Grunds\u00e4tzlich nicht. Wir halten ihn nicht f\u00fcr erforderlich. In der Regel unterscheiden sich Neigungen und Interessen der Referendare. Darauf m\u00f6chten wir R\u00fccksicht nehmen. Wir sind aber gerne bereit, mit Ihnen den ungef\u00e4hren Ablauf der Station vorzubestimmen.<\/p>\n<p><span style=\"color: #b10e10;\">Gibt es eigene Arbeitspl\u00e4tze f\u00fcr Referendare?<\/span><\/p>\n<p>Es stehen drei Referendarzimmer zur Verf\u00fcgung, mit insgesamt f\u00fcnf Computerarbeitspl\u00e4tzen.<\/p>\n<p><span style=\"color: #b10e10;\">Wie sind die Arbeitszeiten?<\/span><\/p>\n<p>Wir gehen davon aus, dass Sie an einem Tag in der Woche an Ihrer Arbeitsgemeinschaft teilnehmen und einen weiteren Tag zur Examensvorbereitung ben\u00f6tigen. Daher sind Sie in der Regel an drei Tagen zwischen 9.00 und 18.00 Uhr anwesend. Mittags gehen Sie gemeinsam mit den Rechtsanw\u00e4lten oder Ihren Referendarskollegen essen.<\/p>\n<p>Es bedarf keiner Erw\u00e4hnung, dass Sie w\u00e4hrend den einw\u00f6chigen Einf\u00fchrungsveranstaltungen in den jeweiligen Fachgebieten selbstverst\u00e4ndlich freigestellt sind.<\/p>\n<p>Wenn Sie neben dem Referendariat eine Promotion fertig stellen m\u00f6chten, haben wir daf\u00fcr nat\u00fcrlich Verst\u00e4ndnis. Ihre Arbeitszeiten k\u00f6nnen wir dann individuell besprechen. Wichtig ist f\u00fcr uns, dass wir einen Eindruck von Ihrer Arbeitsleistung bekommen und Sie die Abl\u00e4ufe im anwaltlichen Beruf vermittelt bekommen und unsere Soziet\u00e4t kennen lernen.<\/p>\n<p><span style=\"color: #b10e10;\">Werden Stationsreferendare bezahlt?<\/span><\/p>\n<p>Die reine Ausbildungsverg\u00fctung erhalten Sie vom Kammergericht. Wir bezahlen Referendaren monatlich zus\u00e4tzlich 600,00 EUR brutto.<\/p>\n<p><span style=\"color: #b10e10;\">Gibt es die M\u00f6glichkeit, neben einer (Gerichts-, Verwaltungs-) Station f\u00fcr LOH Rechtsanw\u00e4lte zu arbeiten?<\/span><\/p>\n<p>Grunds\u00e4tzlich ja. Allerdings besch\u00e4ftigen wir nicht durchg\u00e4ngig so genannte \u201eNebent\u00e4ter\u201c. Insbesondere f\u00fcr bestimmte Projekte setzen wir solche freien Mitarbeiter aber ein.<\/p>\n<p><span style=\"color: #b10e10;\">Welche Qualifikationen erwartet LOH Rechtsanw\u00e4lte von Referendaren?<\/span><\/p>\n<p>Im ersten Staatsexamen sollten Sie mindestens die Note \u201cbefriedigend\u201d erreicht haben, m\u00f6glichst im \u201coberen Bereich\u201d; Gleiches gilt f\u00fcr Stationszeugnisse. Wenn Sie neben Ihrer juristischen Ausbildung Praktika absolviert haben, an einer Promotion arbeiten oder einen LL.M. erworben haben, begr\u00fc\u00dfen wir dies sehr.<\/p>\n<p><span style=\"color: #b10e10;\">Wie viele Referendare werden gleichzeitig bei LOH Rechtsanw\u00e4lte besch\u00e4ftigt?<\/span><\/p>\n<p>Wir k\u00f6nnen grunds\u00e4tzlich bis zu f\u00fcnf Referendare gleichzeitig ausbilden.<\/p>\n<p><span style=\"color: #b10e10;\">Welche Perspektiven gibt es nach dem Referendariat?<\/span><\/p>\n<p>LOH Rechtsanw\u00e4lte will und wird wachsen. Wir werben auch deshalb intensiv um Referendare, um unsere k\u00fcnftigen Kollegen m\u00f6glichst fr\u00fch kennen zu lernen (dies gilt nat\u00fcrlich auch f\u00fcr Richter und Justitiare!). Ob Sie am Ende einer Station \u00fcbernommen werden, h\u00e4ngt nat\u00fcrlich von vielen Faktoren ab, so z. B., ob wir gerade jemanden eingestellt haben. Zwei unserer jungen Anw\u00e4lte und drei Partner waren fr\u00fcher Referendare in unserer Kanzlei. Auch zu den Kollegen, die nicht in unserer Kanzlei beginnen, wollen wir den Kontakt nicht verlieren.<\/p>\n<p><span style=\"color: #b10e10;\">Welche Perspektiven hat ein Berufsanf\u00e4nger?<\/span><\/p>\n<p>Berufsanf\u00e4nger werden f\u00fcr einen Bereich eingestellt, in dem sie sich spezialisieren wollen und sollen. Ihr Gebiet kann auch eines sein, das wir noch nicht anbieten. Und jeder Anwalt, der bei uns arbeitet, hat eine realistische Chance, Partner zu werden.<\/p>\n","protected":false},"excerpt":{"rendered":"<p>F\u00fcr welche Rechtsgebiete bietet sich eine Station bei LOH Rechtsanw\u00e4lte an? In groben Kategorien ausgedr\u00fcckt: F\u00fcr das Zivil- und das \u00f6ffentliche Recht. Die Kanzlei deckt&#8230;<\/p>\n","protected":false},"author":3,"featured_media":0,"parent":0,"menu_order":0,"comment_status":"closed","ping_status":"closed","template":"template-faq.php","meta":{"_acf_changed":false,"footnotes":""},"class_list":["post-1597","page","type-page","status-publish","hentry"],"acf":[],"yoast_head":"<!-- This site is optimized with the Yoast SEO plugin v27.2 - https:\/\/yoast.com\/product\/yoast-seo-wordpress\/ -->\n<title>FAQ - LOH<\/title>\n<meta name=\"robots\" content=\"index, follow, max-snippet:-1, max-image-preview:large, max-video-preview:-1\" \/>\n<link rel=\"canonical\" href=\"https:\/\/loh.de\/faq-referendare\/\" \/>\n<meta property=\"og:locale\" content=\"en_US\" \/>\n<meta property=\"og:type\" content=\"article\" \/>\n<meta property=\"og:title\" content=\"FAQ - LOH\" \/>\n<meta property=\"og:description\" content=\"F\u00fcr welche Rechtsgebiete bietet sich eine Station bei LOH Rechtsanw\u00e4lte an? In groben Kategorien ausgedr\u00fcckt: F\u00fcr das Zivil- und das \u00f6ffentliche Recht. Die Kanzlei deckt...\" \/>\n<meta property=\"og:url\" content=\"https:\/\/loh.de\/faq-referendare\/\" \/>\n<meta property=\"og:site_name\" content=\"LOH\" \/>\n<meta property=\"article:modified_time\" content=\"2022-07-07T12:21:27+00:00\" \/>\n<meta name=\"twitter:card\" content=\"summary_large_image\" \/>\n<meta name=\"twitter:label1\" content=\"Est. reading time\" \/>\n\t<meta name=\"twitter:data1\" content=\"6 minutes\" \/>\n<script type=\"application\/ld+json\" class=\"yoast-schema-graph\">{\"@context\":\"https:\/\/schema.org\",\"@graph\":[{\"@type\":\"WebPage\",\"@id\":\"https:\/\/loh.de\/faq-referendare\/\",\"url\":\"https:\/\/loh.de\/faq-referendare\/\",\"name\":\"FAQ - LOH\",\"isPartOf\":{\"@id\":\"https:\/\/loh.de\/#website\"},\"datePublished\":\"2019-12-21T05:39:33+00:00\",\"dateModified\":\"2022-07-07T12:21:27+00:00\",\"breadcrumb\":{\"@id\":\"https:\/\/loh.de\/faq-referendare\/#breadcrumb\"},\"inLanguage\":\"en-US\",\"potentialAction\":[{\"@type\":\"ReadAction\",\"target\":[\"https:\/\/loh.de\/faq-referendare\/\"]}]},{\"@type\":\"BreadcrumbList\",\"@id\":\"https:\/\/loh.de\/faq-referendare\/#breadcrumb\",\"itemListElement\":[{\"@type\":\"ListItem\",\"position\":1,\"name\":\"Home\",\"item\":\"https:\/\/loh.de\/en\/\"},{\"@type\":\"ListItem\",\"position\":2,\"name\":\"FAQ\"}]},{\"@type\":\"WebSite\",\"@id\":\"https:\/\/loh.de\/#website\",\"url\":\"https:\/\/loh.de\/\",\"name\":\"LOH\",\"description\":\"Rechtsanw\u00e4lte\",\"potentialAction\":[{\"@type\":\"SearchAction\",\"target\":{\"@type\":\"EntryPoint\",\"urlTemplate\":\"https:\/\/loh.de\/?s={search_term_string}\"},\"query-input\":{\"@type\":\"PropertyValueSpecification\",\"valueRequired\":true,\"valueName\":\"search_term_string\"}}],\"inLanguage\":\"en-US\"}]}<\/script>\n<!-- \/ Yoast SEO plugin. -->","yoast_head_json":{"title":"FAQ - LOH","robots":{"index":"index","follow":"follow","max-snippet":"max-snippet:-1","max-image-preview":"max-image-preview:large","max-video-preview":"max-video-preview:-1"},"canonical":"https:\/\/loh.de\/faq-referendare\/","og_locale":"en_US","og_type":"article","og_title":"FAQ - LOH","og_description":"F\u00fcr welche Rechtsgebiete bietet sich eine Station bei LOH Rechtsanw\u00e4lte an? In groben Kategorien ausgedr\u00fcckt: F\u00fcr das Zivil- und das \u00f6ffentliche Recht. Die Kanzlei deckt...","og_url":"https:\/\/loh.de\/faq-referendare\/","og_site_name":"LOH","article_modified_time":"2022-07-07T12:21:27+00:00","twitter_card":"summary_large_image","twitter_misc":{"Est. reading time":"6 minutes"},"schema":{"@context":"https:\/\/schema.org","@graph":[{"@type":"WebPage","@id":"https:\/\/loh.de\/faq-referendare\/","url":"https:\/\/loh.de\/faq-referendare\/","name":"FAQ - LOH","isPartOf":{"@id":"https:\/\/loh.de\/#website"},"datePublished":"2019-12-21T05:39:33+00:00","dateModified":"2022-07-07T12:21:27+00:00","breadcrumb":{"@id":"https:\/\/loh.de\/faq-referendare\/#breadcrumb"},"inLanguage":"en-US","potentialAction":[{"@type":"ReadAction","target":["https:\/\/loh.de\/faq-referendare\/"]}]},{"@type":"BreadcrumbList","@id":"https:\/\/loh.de\/faq-referendare\/#breadcrumb","itemListElement":[{"@type":"ListItem","position":1,"name":"Home","item":"https:\/\/loh.de\/en\/"},{"@type":"ListItem","position":2,"name":"FAQ"}]},{"@type":"WebSite","@id":"https:\/\/loh.de\/#website","url":"https:\/\/loh.de\/","name":"LOH","description":"Rechtsanw\u00e4lte","potentialAction":[{"@type":"SearchAction","target":{"@type":"EntryPoint","urlTemplate":"https:\/\/loh.de\/?s={search_term_string}"},"query-input":{"@type":"PropertyValueSpecification","valueRequired":true,"valueName":"search_term_string"}}],"inLanguage":"en-US"}]}},"_links":{"self":[{"href":"https:\/\/loh.de\/en\/wp-json\/wp\/v2\/pages\/1597","targetHints":{"allow":["GET"]}}],"collection":[{"href":"https:\/\/loh.de\/en\/wp-json\/wp\/v2\/pages"}],"about":[{"href":"https:\/\/loh.de\/en\/wp-json\/wp\/v2\/types\/page"}],"author":[{"embeddable":true,"href":"https:\/\/loh.de\/en\/wp-json\/wp\/v2\/users\/3"}],"replies":[{"embeddable":true,"href":"https:\/\/loh.de\/en\/wp-json\/wp\/v2\/comments?post=1597"}],"version-history":[{"count":3,"href":"https:\/\/loh.de\/en\/wp-json\/wp\/v2\/pages\/1597\/revisions"}],"predecessor-version":[{"id":2863,"href":"https:\/\/loh.de\/en\/wp-json\/wp\/v2\/pages\/1597\/revisions\/2863"}],"wp:attachment":[{"href":"https:\/\/loh.de\/en\/wp-json\/wp\/v2\/media?parent=1597"}],"curies":[{"name":"wp","href":"https:\/\/api.w.org\/{rel}","templated":true}]}}